{"id":1477,"date":"2024-12-19T06:09:14","date_gmt":"2024-12-19T05:09:14","guid":{"rendered":"https:\/\/www.truesisters.se\/?page_id=1477"},"modified":"2025-09-12T11:03:11","modified_gmt":"2025-09-12T09:03:11","slug":"how-it-began","status":"publish","type":"page","link":"https:\/\/www.truesisters.se\/en\/how-it-began\/","title":{"rendered":"How It Began"},"content":{"rendered":"<p>[et_pb_section fb_built=&#8221;1&#8243; _builder_version=&#8221;4.27.4&#8243; _module_preset=&#8221;default&#8221; background_enable_color=&#8221;off&#8221; background_image=&#8221;https:\/\/www.truesisters.se\/wp-content\/uploads\/bg-tonad-ljus.jpg&#8221; background_position=&#8221;top_center&#8221; bottom_divider_style=&#8221;waves2&#8243; bottom_divider_color=&#8221;#715C6D&#8221; bottom_divider_flip=&#8221;vertical&#8221; bottom_divider_height_tablet=&#8221;50px&#8221; bottom_divider_height_phone=&#8221;30px&#8221; bottom_divider_height_last_edited=&#8221;on|phone&#8221; global_colors_info=&#8221;{}&#8221;][et_pb_row column_structure=&#8221;3_5,2_5&#8243; _builder_version=&#8221;4.27.4&#8243; _module_preset=&#8221;default&#8221; global_colors_info=&#8221;{}&#8221;][et_pb_column type=&#8221;3_5&#8243; _builder_version=&#8221;4.27.4&#8243; _module_preset=&#8221;default&#8221; global_colors_info=&#8221;{}&#8221;][et_pb_post_title meta=&#8221;off&#8221; featured_image=&#8221;off&#8221; admin_label=&#8221;Inl\u00e4ggstitel&#8221; _builder_version=&#8221;4.27.4&#8243; _module_preset=&#8221;default&#8221; title_text_color=&#8221;#FFFFFF&#8221; title_font_size=&#8221;40px&#8221; title_line_height=&#8221;1.2em&#8221; custom_css_free_form=&#8221;h1 { text-shadow: -2px 2px 2px #3C4D5D; }&#8221; global_colors_info=&#8221;{}&#8221;][\/et_pb_post_title][et_pb_divider color=&#8221;#FFFFFF&#8221; divider_position=&#8221;center&#8221; divider_weight=&#8221;5px&#8221; admin_label=&#8221;Avdelare linje rubrik&#8221; _builder_version=&#8221;4.27.4&#8243; _module_preset=&#8221;default&#8221; width=&#8221;180px&#8221; module_alignment=&#8221;left&#8221; height=&#8221;5px&#8221; custom_margin=&#8221;-30px||||false|false&#8221; custom_padding=&#8221;0px||||false|false&#8221; animation_style=&#8221;slide&#8221; animation_direction=&#8221;left&#8221; global_colors_info=&#8221;{}&#8221;][\/et_pb_divider][et_pb_text _builder_version=&#8221;4.27.4&#8243; _module_preset=&#8221;default&#8221; text_text_color=&#8221;#FFFFFF&#8221; header_line_height=&#8221;1.5em&#8221; global_colors_info=&#8221;{}&#8221;]<\/p>\n<p>One day, while meditating and channeling together, we were guided into a process where we helped dissolve an energetic cord between two people. It was a connection that no longer served their highest good \u2013 instead, it held them in a pattern that pulled them down.<br \/>What happened during that process felt completely different from anything we had experienced before. One of us was shown how the energy cords could be transformed, while the other received images from past lives \u2013 lifetimes these two souls had shared, and the karma that kept repeating over and over again.<br \/>Afterwards, we went back to our daily lives, not thinking much more about it.<\/p>\n<p>But the next day, something beautiful happened. One of the people involved reached out. They shared how something had shifted deeply \u2013 how things suddenly became more clear, and how love could be felt in a way that hadn\u2019t been possible before.<br \/>This gave them the energy and courage to release old patterns and start choosing something new.<br \/>That moment\u2026 was the beginning of what we now call TRUE Release \u201dTR- Method\u201d a Transformation Journey.<\/p>\n<p>We began exploring what these new processes wanted to become. The energies we were working with reached far deeper than we had ever imagined.<br \/>Over time, through countless sessions and gentle guidance, we found our way to what we now call the Multidimensional Transformation Journey \u2013 or simply TR.<\/p>\n<p>[\/et_pb_text][\/et_pb_column][et_pb_column type=&#8221;2_5&#8243; _builder_version=&#8221;4.27.4&#8243; _module_preset=&#8221;default&#8221; background_enable_image=&#8221;off&#8221; custom_padding=&#8221;||||false|false&#8221; global_colors_info=&#8221;{}&#8221;][et_pb_divider show_divider=&#8221;off&#8221; _builder_version=&#8221;4.27.4&#8243; _module_preset=&#8221;default&#8221; height=&#8221;30px&#8221; global_colors_info=&#8221;{}&#8221;][\/et_pb_divider][et_pb_image src=&#8221;https:\/\/www.truesisters.se\/wp-content\/uploads\/truesistersse-nina-christina.jpg&#8221; alt=&#8221;true sisters &#8211; nina &#038; christina&#8221; align=&#8221;center&#8221; disabled_on=&#8221;off|off|off&#8221; admin_label=&#8221;Bild&#8221; _builder_version=&#8221;4.27.4&#8243; _module_preset=&#8221;default&#8221; width=&#8221;100%&#8221; width_tablet=&#8221;100%&#8221; width_phone=&#8221;100%&#8221; width_last_edited=&#8221;on|phone&#8221; module_alignment=&#8221;center&#8221; custom_margin=&#8221;0px||0px||true|false&#8221; custom_padding=&#8221;0px||0px||true|false&#8221; border_radii=&#8221;on|100%|100%|100%|100%&#8221; border_color_all=&#8221;#FFFFFF&#8221; global_colors_info=&#8221;{}&#8221;][\/et_pb_image][et_pb_divider show_divider=&#8221;off&#8221; _builder_version=&#8221;4.27.4&#8243; _module_preset=&#8221;default&#8221; height=&#8221;40px&#8221; hover_enabled=&#8221;0&#8243; global_colors_info=&#8221;{}&#8221; sticky_enabled=&#8221;0&#8243;][\/et_pb_divider][et_pb_text _builder_version=&#8221;4.27.4&#8243; _module_preset=&#8221;default&#8221; text_text_color=&#8221;#FFFFFF&#8221; header_line_height=&#8221;1.5em&#8221; global_colors_info=&#8221;{}&#8221;]<\/p>\n<h3><strong>TRUE Sisters \u2013 Nina &amp; Christina<\/strong><\/h3>\n<p>Two sisters walking side by side.<br \/>Following energy. Meeting what wants to be seen.<br \/>Helping people shift \u2013 gently, deeply, truly.<br \/>Feel free to reach out.<\/p>\n<p>[\/et_pb_text][et_pb_divider show_divider=&#8221;off&#8221; _builder_version=&#8221;4.27.4&#8243; _module_preset=&#8221;default&#8221; height=&#8221;25px&#8221; global_colors_info=&#8221;{}&#8221;][\/et_pb_divider][dipl_button admin_label=&#8221;Knapp&#8221; _builder_version=&#8221;4.27.4&#8243; _module_preset=&#8221;default&#8221; custom_css_free_form=&#8221;.dipl_button_link:hover { background-color: rgba(0, 0, 0, 0.2) }&#8221; global_colors_info=&#8221;{}&#8221;][dipl_button_item button_type=&#8221;conversion&#8221; button_text=&#8221;Contact us&#8221; button_url=&#8221;https:\/\/www.truesisters.se\/se\/contact&#8221; button_alignment=&#8221;center&#8221; button_use_icon=&#8221;on&#8221; button_icon=&#8221;&#x24;||divi||400&#8243; button_icon_color=&#8221;#FFFFFF&#8221; button_alignment_tablet=&#8221;&#8221; button_alignment_phone=&#8221;center&#8221; button_alignment_last_edited=&#8221;on|phone&#8221; _builder_version=&#8221;4.27.4&#8243; _module_preset=&#8221;default&#8221; button_text_color=&#8221;#FFFFFF&#8221; text_orientation=&#8221;center&#8221; border_radii=&#8221;on|6px|6px|6px|6px&#8221; border_width_all=&#8221;2px&#8221; border_color_all=&#8221;#FFFFFF&#8221; global_colors_info=&#8221;{}&#8221;][\/dipl_button_item][\/dipl_button][\/et_pb_column][\/et_pb_row][et_pb_row admin_label=&#8221;Rad avdelare&#8221; _builder_version=&#8221;4.27.4&#8243; _module_preset=&#8221;default&#8221; collapsed=&#8221;on&#8221; global_colors_info=&#8221;{}&#8221;][et_pb_column type=&#8221;4_4&#8243; _builder_version=&#8221;4.27.4&#8243; _module_preset=&#8221;default&#8221; global_colors_info=&#8221;{}&#8221;][et_pb_divider show_divider=&#8221;off&#8221; _builder_version=&#8221;4.27.4&#8243; _module_preset=&#8221;default&#8221; height=&#8221;60px&#8221; global_colors_info=&#8221;{}&#8221;][\/et_pb_divider][\/et_pb_column][\/et_pb_row][\/et_pb_section]<\/p>\n","protected":false},"excerpt":{"rendered":"<p>One day, while meditating and channeling together, we were guided into a process where we helped dissolve an energetic cord between two people. It was a connection that no longer [&hellip;]<\/p>\n","protected":false},"author":2,"featured_media":0,"parent":0,"menu_order":10,"comment_status":"closed","ping_status":"closed","template":"","meta":{"_et_pb_use_builder":"on","_et_pb_old_content":"<p>[et_pb_section fb_built=\"1\" _builder_version=\"4.27.4\" _module_preset=\"default\" background_enable_color=\"off\" background_image=\"https:\/\/www.truesisters.se\/wp-content\/uploads\/bg-tonad-ljus.jpg\" background_position=\"top_center\" bottom_divider_style=\"waves2\" bottom_divider_color=\"#715C6D\" bottom_divider_flip=\"vertical\" bottom_divider_height_tablet=\"50px\" bottom_divider_height_phone=\"30px\" bottom_divider_height_last_edited=\"on|phone\" global_colors_info=\"{}\"][et_pb_row column_structure=\"3_5,2_5\" _builder_version=\"4.27.4\" _module_preset=\"default\" global_colors_info=\"{}\"][et_pb_column type=\"3_5\" _builder_version=\"4.27.4\" _module_preset=\"default\" global_colors_info=\"{}\"][et_pb_post_title meta=\"off\" featured_image=\"off\" admin_label=\"Inl\u00e4ggstitel\" _builder_version=\"4.27.4\" _module_preset=\"default\" title_text_color=\"#FFFFFF\" title_font_size=\"40px\" title_line_height=\"1.2em\" custom_css_free_form=\"h1 { text-shadow: -2px 2px 2px #3C4D5D; }\" global_colors_info=\"{}\"][\/et_pb_post_title][et_pb_divider color=\"#FFFFFF\" divider_position=\"center\" divider_weight=\"5px\" admin_label=\"Avdelare linje rubrik\" _builder_version=\"4.27.4\" _module_preset=\"default\" width=\"180px\" module_alignment=\"left\" height=\"5px\" custom_margin=\"-30px||||false|false\" custom_padding=\"0px||||false|false\" animation_style=\"slide\" animation_direction=\"left\" global_colors_info=\"{}\"][\/et_pb_divider][et_pb_text _builder_version=\"4.27.4\" _module_preset=\"default\" text_text_color=\"#FFFFFF\" header_line_height=\"1.5em\" global_colors_info=\"{}\"]<\/p><p>En dag n\u00e4r vi mediterade och kanaliserade, gjorde vi en process d\u00e4r det handlade om att klippa ett energiband mellan tv\u00e5 personer. Ett energiband som inte l\u00e4ngre var d\u00e4r f\u00f6r deras h\u00f6gsta b\u00e4sta, utan ist\u00e4llet skapade en negativ spiral. Vid den h\u00e4r speciella processen fick vi b\u00e5da till oss v\u00e4ldigt mycket, men energierna k\u00e4ndes helt annorlunda mot tidigare. <br \/>En av oss fick till sig hur banden skulle transformeras och den andra fick till sig gamla liv dessa personer levt ihop och den karma som upprepades liv efter liv. Efter denna process \u00e5tergick vi till v\u00e5r vardag och t\u00e4nkte inte mycket mer p\u00e5 detta.<\/p><p>N\u00e4sta dag h\u00e4nde n\u00e5got unikt, den ena av parterna vi separerat energim\u00e4ssigt, h\u00f6rde av sig och hade haft en otrolig transformation efter v\u00e5r process. Hur saker medvetandegjordes j\u00e4mf\u00f6rt mot tidigare, och insikten i att kunna bjuda in k\u00e4rlek i sitt liv p\u00e5 ett helt nytt s\u00e4tt, gav hen b\u00e5de gl\u00e4dje och energi att v\u00e5ga sl\u00e4ppa det gamla invanda m\u00f6nstret. <br \/>Nu blev det magi p\u00e5 riktigt och detta blev startskottet p\u00e5 v\u00e5ra transformationsresor!<\/p><p>Ih\u00e4rdigt b\u00f6rjade vi arbeta med att klura ut vad dessa nya processer kunde och ville utvecklas till. Detta var energier, som kunde ta sig igenom mer \u00e4n vad vi n\u00e5gonsin kunnat fantisera om tidigare.<br \/>Genom \u00e5r av otaliga processer och mycket praktisk forskning har vi landat i vad vi idag kallar <a href=\"https:\/\/www.truesisters.se\/transformationsresa\/\">Multidimentionella Transformations Resa<\/a>, TR f\u00f6rkortat.<\/p><p>[\/et_pb_text][\/et_pb_column][et_pb_column type=\"2_5\" _builder_version=\"4.27.4\" _module_preset=\"default\" background_enable_image=\"off\" custom_padding=\"||||false|false\" global_colors_info=\"{}\"][et_pb_divider show_divider=\"off\" _builder_version=\"4.27.4\" _module_preset=\"default\" height=\"30px\" global_colors_info=\"{}\"][\/et_pb_divider][et_pb_image src=\"https:\/\/www.truesisters.se\/wp-content\/uploads\/truesistersse-nina-christina.jpg\" alt=\"true sisters - nina & christina\" align=\"center\" disabled_on=\"off|off|off\" admin_label=\"Bild\" _builder_version=\"4.27.4\" _module_preset=\"default\" width=\"100%\" width_tablet=\"100%\" width_phone=\"100%\" width_last_edited=\"on|phone\" module_alignment=\"center\" custom_margin=\"0px||0px||true|false\" custom_padding=\"0px||0px||true|false\" border_radii=\"on|100%|100%|100%|100%\" border_color_all=\"#FFFFFF\" global_colors_info=\"{}\"][\/et_pb_image][et_pb_divider show_divider=\"off\" _builder_version=\"4.27.4\" _module_preset=\"default\" height=\"25px\" global_colors_info=\"{}\"][\/et_pb_divider][dipl_button admin_label=\"Knapp\" _builder_version=\"4.27.4\" _module_preset=\"default\" custom_css_free_form=\".dipl_button_link:hover { background-color: rgba(0, 0, 0, 0.2) }\" global_colors_info=\"{}\"][dipl_button_item button_type=\"conversion\" button_text=\"Kontakta oss\" button_url=\"https:\/\/www.truesisters.se\/kontakt\" button_alignment=\"center\" button_use_icon=\"on\" button_icon=\"$||divi||400\" button_icon_color=\"#FFFFFF\" button_alignment_tablet=\"\" button_alignment_phone=\"center\" button_alignment_last_edited=\"on|phone\" _builder_version=\"4.27.4\" _module_preset=\"default\" button_text_color=\"#FFFFFF\" text_orientation=\"center\" border_radii=\"on|6px|6px|6px|6px\" border_width_all=\"2px\" border_color_all=\"#FFFFFF\" global_colors_info=\"{}\"][\/dipl_button_item][\/dipl_button][\/et_pb_column][\/et_pb_row][et_pb_row admin_label=\"Rad avdelare\" _builder_version=\"4.27.4\" _module_preset=\"default\" collapsed=\"on\" global_colors_info=\"{}\"][et_pb_column type=\"4_4\" _builder_version=\"4.27.4\" _module_preset=\"default\" global_colors_info=\"{}\"][et_pb_divider show_divider=\"off\" _builder_version=\"4.27.4\" _module_preset=\"default\" height=\"60px\" global_colors_info=\"{}\"][\/et_pb_divider][\/et_pb_column][\/et_pb_row][\/et_pb_section]<\/p>","_et_gb_content_width":"","footnotes":""},"class_list":["post-1477","page","type-page","status-publish","hentry"],"aioseo_notices":[],"_links":{"self":[{"href":"https:\/\/www.truesisters.se\/en\/wp-json\/wp\/v2\/pages\/1477","targetHints":{"allow":["GET"]}}],"collection":[{"href":"https:\/\/www.truesisters.se\/en\/wp-json\/wp\/v2\/pages"}],"about":[{"href":"https:\/\/www.truesisters.se\/en\/wp-json\/wp\/v2\/types\/page"}],"author":[{"embeddable":true,"href":"https:\/\/www.truesisters.se\/en\/wp-json\/wp\/v2\/users\/2"}],"replies":[{"embeddable":true,"href":"https:\/\/www.truesisters.se\/en\/wp-json\/wp\/v2\/comments?post=1477"}],"version-history":[{"count":3,"href":"https:\/\/www.truesisters.se\/en\/wp-json\/wp\/v2\/pages\/1477\/revisions"}],"predecessor-version":[{"id":1490,"href":"https:\/\/www.truesisters.se\/en\/wp-json\/wp\/v2\/pages\/1477\/revisions\/1490"}],"wp:attachment":[{"href":"https:\/\/www.truesisters.se\/en\/wp-json\/wp\/v2\/media?parent=1477"}],"curies":[{"name":"wp","href":"https:\/\/api.w.org\/{rel}","templated":true}]}}